{"id":403,"date":"2022-02-24T10:08:48","date_gmt":"2022-02-24T10:08:48","guid":{"rendered":"http:\/\/floramanda.com\/?page_id=403"},"modified":"2022-02-24T10:08:49","modified_gmt":"2022-02-24T10:08:49","slug":"politica-de-cookies","status":"publish","type":"page","link":"http:\/\/floramanda.com\/index.php\/politica-de-cookies\/","title":{"rendered":"Pol\u00edtica de cookies"},"content":{"rendered":"<section  class='av_textblock_section av-l00to0q9-52bbc90ad6f3f17ee1bb7958f0755204'  itemscope=\"itemscope\" itemtype=\"https:\/\/schema.org\/CreativeWork\" ><div class='avia_textblock'  itemprop=\"text\" ><p>Mediante el presente aviso de la web\u00a0<a href=\"http:\/\/floramanda.com\">http:\/\/floramanda.com<\/a> con AMANDA FLORES Y PLANTAS NATURALES, con CIF y domicilio en C\/ Roger de Lauria, 8 bajo izquierda \/ 46002 <strong>(INCLUIR DATOS INSCRIPCI\u00d3N REGISTRO MERCANTIL TOMO, FOLIO Y HOJA)<\/strong>\u00a0, le informa de su pol\u00edtica de cookies, cumpliendo as\u00ed con lo previsto en el art\u00edculo 22.2 de la Ley 34\/2002, de 11 de julio de Servicios de la Sociedad de la Informaci\u00f3n y de Comercio Electr\u00f3nico.<\/p>\n<p><strong>\u00bfQu\u00e9 es una cookie?<\/strong><\/p>\n<p>Las cookies son ficheros que se descargan en el terminal (ordenador\/smartphone\/tablet) del usuario al acceder a determinadas p\u00e1ginas web y que se almacenan en la memoria del mismo. Las cookies permiten, entre otras cosas, almacenar y recuperar informaci\u00f3n sobre los h\u00e1bitos de navegaci\u00f3n de un usuario o de su equipo, ver qu\u00e9 p\u00e1ginas se visitan, el tiempo de conexi\u00f3n, analizar el funcionamiento de una p\u00e1gina, si existen problemas t\u00e9cnicos, etc. Dependiendo de la informaci\u00f3n que contengan y la forma en que se utilice el terminal, pueden utilizarse para reconocer al usuario.<\/p>\n<p><strong>\u00bfQu\u00e9 tipos de cookies existen?<\/strong><\/p>\n<p>Existen varios tipos de cookies en funci\u00f3n de distintos criterios:<\/p>\n<p>En funci\u00f3n del tiempo que permanecen activadas:<\/p>\n<ul>\n<li>Cookies de sesi\u00f3n. Son un tipo de cookies dise\u00f1adas para recabar y almacenar datos mientras el usuario accede a una p\u00e1gina web.<\/li>\n<li>Cookies permanentes: Son un tipo de cookies en el que los datos siguen almacenados en el terminal y pueden ser accedidos y tratados durante un periodo definido por el responsable de la cookie.<\/li>\n<\/ul>\n<p>En funci\u00f3n de la titularidad:<\/p>\n<ul>\n<li>Cookies propias. Son las que pertenecen al titular de la p\u00e1gina web.<\/li>\n<li>Cookies de terceros. Son aquellas cuya titularidad es de un tercero, distinto del titular de la p\u00e1gina web, que ser\u00e1 quien trate la informaci\u00f3n recabada.<\/li>\n<\/ul>\n<p>En funci\u00f3n de su finalidad:<\/p>\n<ul>\n<li>Cookies t\u00e9cnicas y\/o de personalizaci\u00f3n. Son aqu\u00e9llas que sirven para mejorar el servicio, localizar incidencias, reconocer al usuario, etc.<\/li>\n<li>Cookies de an\u00e1lisis y\/o de publicidad. Son aqu\u00e9llas que sirven para analizar informaci\u00f3n sobre la navegaci\u00f3n y ofrecer publicidad, sea gen\u00e9rica o personalizada.<\/li>\n<\/ul>\n<p><strong>\u00bfPara qu\u00e9 sirve una cookie?<\/strong><\/p>\n<p>Las cookies se utilizan para poder ofrecerle servicios y\/o publicidad personalizados, para analizar el funcionamiento del sistema, reconocerle cuando accede como usuario, localizar incidencias y problemas que puedan surgir y solventarlos en el menor plazo posible, as\u00ed como analizar y medir el uso y actividad de la p\u00e1gina web.<\/p>\n<p><strong>\u00bfSe necesita mi consentimiento para implantar una cookie?<\/strong><\/p>\n<p>No se precisa el consentimiento para la instalaci\u00f3n de cookies t\u00e9cnicas o las que sean estrictamente necesarias para la prestaci\u00f3n de un servicio de la sociedad de la informaci\u00f3n expresamente solicitado por el destinatario.<\/p>\n<p>Para el resto, s\u00ed se precisa del consentimiento del interesado que se puede solicitar por distintas v\u00edas. En relaci\u00f3n a esta p\u00e1gina web, se entender\u00e1 otorgado si Vd. sigue utilizando la p\u00e1gina web, sin perjuicio de que en cualquier momento podr\u00e1 revocarlo y desactivar las cookies.<\/p>\n<p><strong>\u00bfQu\u00e9 cookies se utilizan actualmente en esta web?<\/strong><\/p>\n<p>DE AN\u00c1LISIS: Son aqu\u00e9llas que, bien tratadas por nosotros o por terceros, nos permiten cuantificar el n\u00famero de usuarios y as\u00ed realizar la medici\u00f3n y an\u00e1lisis estad\u00edstico de la utilizaci\u00f3n que hacen los usuarios del servicio ofertado. Para ello se analiza su navegaci\u00f3n en nuestra p\u00e1gina web con el fin de mejorar la oferta de productos o servicios que le ofrecemos. Dichos terceros son empresas colaboradoras con las que hemos contratado alg\u00fan servicio para el que es necesaria la utilizaci\u00f3n de cookies.<\/p>\n<p>NOTA: Esta lista se actualizar\u00e1 con la mayor celeridad posible. Sin embargo, excepcionalmente, durante dicha actualizaci\u00f3n pudiera ocurrir que alguna cookie no estuviese incluida moment\u00e1neamente. En cualquier caso siempre ser\u00e1n cookies con prop\u00f3sitos id\u00e9nticos a los registrados en esta lista.<\/p>\n<p>Estas herramientas no obtienen datos personales de los usuarios ni de la direcci\u00f3n postal desde donde se conectan. La informaci\u00f3n que obtienen est\u00e1 relacionada con, el n\u00famero de p\u00e1ginas visitadas, el idioma, la ciudad a la que est\u00e1 asignada la direcci\u00f3n IP desde la que acceden los usuarios, el n\u00famero de usuarios que nos visitan, la frecuencia y reincidencia de las visitas, el tiempo de visita, el navegador que usan, el operador o tipo de terminal desde el que se realiza la visita.<\/p>\n<p><strong>\u00bfC\u00f3mo deshabilitar las Cookies en el Navegador?<\/strong><\/p>\n<p>La mayor\u00eda de navegadores actualmente permiten al usuario configurar si desean aceptar cookies y cu\u00e1les de ellas. Estos ajustes normalmente se encuentran en las \u2018opciones\u2019 o \u2018Preferencias\u2019 del men\u00fa de su navegador.<\/p>\n<p>Estas son las instrucciones para configurar las cookies en los principales navegadores:<\/p>\n<p>Chrome: Configuraci\u00f3n -&gt; Mostrar opciones avanzadas -&gt; Privacidad -&gt; Configuraci\u00f3n de contenido. Para m\u00e1s informaci\u00f3n, puede consultar el soporte de Google o la Ayuda del navegador(<a href=\"http:\/\/support.google.com\/chrome\/?hl=es\">http:\/\/support.google.com\/chrome\/?hl=es<\/a>)<\/p>\n<p>Firefox: Herramientas -&gt; Opciones -&gt; Privacidad -&gt; Historial -&gt; Configuraci\u00f3n Personalizada. Para m\u00e1s informaci\u00f3n, puede consultar el soporte de Mozilla o la Ayuda del navegador.(<a href=\"http:\/\/support.mozilla.org\/es\/home\">http:\/\/support.mozilla.org\/es\/home<\/a>)<\/p>\n<p>Internet Explorer: Herramientas -&gt; Opciones de Internet -&gt; Privacidad -&gt; Configuraci\u00f3n. Para m\u00e1s informaci\u00f3n, puede consultar el soporte de Microsoft o la Ayuda del navegador.(<a href=\"http:\/\/windows.microsoft.com\/es-ES\/windows\/support\">http:\/\/windows.microsoft.com\/es-ES\/windows\/support<\/a>)<\/p>\n<p>Safari: Preferencias -&gt; Seguridad. Para m\u00e1s informaci\u00f3n, puede consultar el soporte de Apple o la Ayuda del navegador (<a href=\"http:\/\/www.apple.com\/es\/support\/safari\/\">http:\/\/www.apple.com\/es\/support\/safari\/<\/a>)<\/p>\n<\/div><\/section>\n","protected":false},"excerpt":{"rendered":"","protected":false},"author":1,"featured_media":0,"parent":0,"menu_order":0,"comment_status":"closed","ping_status":"closed","template":"","meta":{"footnotes":""},"class_list":["post-403","page","type-page","status-publish","hentry"],"yoast_head":"<!-- This site is optimized with the Yoast SEO plugin v20.12 - https:\/\/yoast.com\/wordpress\/plugins\/seo\/ -->\n<title>Pol\u00edtica de cookies \u00b7 Flor Amanda \u00b7 Floristeria desde 1920<\/title>\n<meta name=\"description\" content=\"AMANDA FLORES Y PLANTAS NATURALES le informan de la pol\u00edtica de cookies en cumplimiento con la legislaci\u00f3n vigente.\" \/>\n<meta name=\"robots\" content=\"index, follow, max-snippet:-1, max-image-preview:large, max-video-preview:-1\" \/>\n<link rel=\"canonical\" href=\"http:\/\/floramanda.com\/index.php\/politica-de-cookies\/\" \/>\n<meta property=\"og:locale\" content=\"es_ES\" \/>\n<meta property=\"og:type\" content=\"article\" \/>\n<meta property=\"og:title\" content=\"Pol\u00edtica de cookies \u00b7 Flor Amanda \u00b7 Floristeria desde 1920\" \/>\n<meta property=\"og:description\" content=\"AMANDA FLORES Y PLANTAS NATURALES le informan de la pol\u00edtica de cookies en cumplimiento con la legislaci\u00f3n vigente.\" \/>\n<meta property=\"og:url\" content=\"http:\/\/floramanda.com\/index.php\/politica-de-cookies\/\" \/>\n<meta property=\"og:site_name\" content=\"Florister\u00eda Amanda\" \/>\n<meta property=\"article:modified_time\" content=\"2022-02-24T10:08:49+00:00\" \/>\n<meta name=\"twitter:card\" content=\"summary_large_image\" \/>\n<meta name=\"twitter:label1\" content=\"Tiempo de lectura\" \/>\n\t<meta name=\"twitter:data1\" content=\"4 minutos\" \/>\n<script type=\"application\/ld+json\" class=\"yoast-schema-graph\">{\"@context\":\"https:\/\/schema.org\",\"@graph\":[{\"@type\":\"WebPage\",\"@id\":\"http:\/\/floramanda.com\/index.php\/politica-de-cookies\/\",\"url\":\"http:\/\/floramanda.com\/index.php\/politica-de-cookies\/\",\"name\":\"Pol\u00edtica de cookies \u00b7 Flor Amanda \u00b7 Floristeria desde 1920\",\"isPartOf\":{\"@id\":\"http:\/\/floramanda.com\/#website\"},\"datePublished\":\"2022-02-24T10:08:48+00:00\",\"dateModified\":\"2022-02-24T10:08:49+00:00\",\"description\":\"AMANDA FLORES Y PLANTAS NATURALES le informan de la pol\u00edtica de cookies en cumplimiento con la legislaci\u00f3n vigente.\",\"breadcrumb\":{\"@id\":\"http:\/\/floramanda.com\/index.php\/politica-de-cookies\/#breadcrumb\"},\"inLanguage\":\"es\",\"potentialAction\":[{\"@type\":\"ReadAction\",\"target\":[\"http:\/\/floramanda.com\/index.php\/politica-de-cookies\/\"]}]},{\"@type\":\"BreadcrumbList\",\"@id\":\"http:\/\/floramanda.com\/index.php\/politica-de-cookies\/#breadcrumb\",\"itemListElement\":[{\"@type\":\"ListItem\",\"position\":1,\"name\":\"Portada\",\"item\":\"http:\/\/floramanda.com\/\"},{\"@type\":\"ListItem\",\"position\":2,\"name\":\"Pol\u00edtica de cookies\"}]},{\"@type\":\"WebSite\",\"@id\":\"http:\/\/floramanda.com\/#website\",\"url\":\"http:\/\/floramanda.com\/\",\"name\":\"Florister\u00eda Amanda\",\"description\":\"Flores y plantas naturales desde 1886\",\"potentialAction\":[{\"@type\":\"SearchAction\",\"target\":{\"@type\":\"EntryPoint\",\"urlTemplate\":\"http:\/\/floramanda.com\/?s={search_term_string}\"},\"query-input\":\"required name=search_term_string\"}],\"inLanguage\":\"es\"}]}<\/script>\n<!-- \/ Yoast SEO plugin. -->","yoast_head_json":{"title":"Pol\u00edtica de cookies \u00b7 Flor Amanda \u00b7 Floristeria desde 1920","description":"AMANDA FLORES Y PLANTAS NATURALES le informan de la pol\u00edtica de cookies en cumplimiento con la legislaci\u00f3n vigente.","robots":{"index":"index","follow":"follow","max-snippet":"max-snippet:-1","max-image-preview":"max-image-preview:large","max-video-preview":"max-video-preview:-1"},"canonical":"http:\/\/floramanda.com\/index.php\/politica-de-cookies\/","og_locale":"es_ES","og_type":"article","og_title":"Pol\u00edtica de cookies \u00b7 Flor Amanda \u00b7 Floristeria desde 1920","og_description":"AMANDA FLORES Y PLANTAS NATURALES le informan de la pol\u00edtica de cookies en cumplimiento con la legislaci\u00f3n vigente.","og_url":"http:\/\/floramanda.com\/index.php\/politica-de-cookies\/","og_site_name":"Florister\u00eda Amanda","article_modified_time":"2022-02-24T10:08:49+00:00","twitter_card":"summary_large_image","twitter_misc":{"Tiempo de lectura":"4 minutos"},"schema":{"@context":"https:\/\/schema.org","@graph":[{"@type":"WebPage","@id":"http:\/\/floramanda.com\/index.php\/politica-de-cookies\/","url":"http:\/\/floramanda.com\/index.php\/politica-de-cookies\/","name":"Pol\u00edtica de cookies \u00b7 Flor Amanda \u00b7 Floristeria desde 1920","isPartOf":{"@id":"http:\/\/floramanda.com\/#website"},"datePublished":"2022-02-24T10:08:48+00:00","dateModified":"2022-02-24T10:08:49+00:00","description":"AMANDA FLORES Y PLANTAS NATURALES le informan de la pol\u00edtica de cookies en cumplimiento con la legislaci\u00f3n vigente.","breadcrumb":{"@id":"http:\/\/floramanda.com\/index.php\/politica-de-cookies\/#breadcrumb"},"inLanguage":"es","potentialAction":[{"@type":"ReadAction","target":["http:\/\/floramanda.com\/index.php\/politica-de-cookies\/"]}]},{"@type":"BreadcrumbList","@id":"http:\/\/floramanda.com\/index.php\/politica-de-cookies\/#breadcrumb","itemListElement":[{"@type":"ListItem","position":1,"name":"Portada","item":"http:\/\/floramanda.com\/"},{"@type":"ListItem","position":2,"name":"Pol\u00edtica de cookies"}]},{"@type":"WebSite","@id":"http:\/\/floramanda.com\/#website","url":"http:\/\/floramanda.com\/","name":"Florister\u00eda Amanda","description":"Flores y plantas naturales desde 1886","potentialAction":[{"@type":"SearchAction","target":{"@type":"EntryPoint","urlTemplate":"http:\/\/floramanda.com\/?s={search_term_string}"},"query-input":"required name=search_term_string"}],"inLanguage":"es"}]}},"_links":{"self":[{"href":"http:\/\/floramanda.com\/index.php\/wp-json\/wp\/v2\/pages\/403","targetHints":{"allow":["GET"]}}],"collection":[{"href":"http:\/\/floramanda.com\/index.php\/wp-json\/wp\/v2\/pages"}],"about":[{"href":"http:\/\/floramanda.com\/index.php\/wp-json\/wp\/v2\/types\/page"}],"author":[{"embeddable":true,"href":"http:\/\/floramanda.com\/index.php\/wp-json\/wp\/v2\/users\/1"}],"replies":[{"embeddable":true,"href":"http:\/\/floramanda.com\/index.php\/wp-json\/wp\/v2\/comments?post=403"}],"version-history":[{"count":1,"href":"http:\/\/floramanda.com\/index.php\/wp-json\/wp\/v2\/pages\/403\/revisions"}],"predecessor-version":[{"id":404,"href":"http:\/\/floramanda.com\/index.php\/wp-json\/wp\/v2\/pages\/403\/revisions\/404"}],"wp:attachment":[{"href":"http:\/\/floramanda.com\/index.php\/wp-json\/wp\/v2\/media?parent=403"}],"curies":[{"name":"wp","href":"https:\/\/api.w.org\/{rel}","templated":true}]}}