{"id":3,"date":"2022-02-10T10:35:21","date_gmt":"2022-02-10T10:35:21","guid":{"rendered":"http:\/\/floramanda.com.guadalaviar60ymas.com\/?page_id=3"},"modified":"2022-02-24T10:19:35","modified_gmt":"2022-02-24T10:19:35","slug":"politica-privacidad","status":"publish","type":"page","link":"http:\/\/floramanda.com\/index.php\/politica-privacidad\/","title":{"rendered":"Pol\u00edtica de privacidad"},"content":{"rendered":"<section  class='av_textblock_section av-l00tdhoe-a322617194016079af0c48fc67501099'  itemscope=\"itemscope\" itemtype=\"https:\/\/schema.org\/CreativeWork\" ><div class='avia_textblock'  itemprop=\"text\" ><p>AMANDA FLORES Y PLANTAS NATURALES considera esencial garantizar la protecci\u00f3n de los datos de car\u00e1cter personal de sus clientes y visitantes (en adelante, los usuarios), recabados al objeto de prestar un correcto servicio a los mismos. Por ello, con el fin de proteger la intimidad y privacidad de todos ellos, ponemos de manifiesto nuestro respeto y cumplimiento con la legislaci\u00f3n vigente en materia de protecci\u00f3n de datos, as\u00ed la presente pol\u00edtica de privacidad tiene como objetivo proporcionar la m\u00e1xima transparencia sobre el tratamiento de sus datos por parte de AMANDA FLORES Y PLANTAS NATURALES.<\/p>\n<p>As\u00ed pues, en cumplimiento de la Normativa Europea (UE) 2016\/679 del Parlamento Europeo y del Consejo de 27 de Abril de 2016 relativo a la Protecci\u00f3n de Datos de Car\u00e1cter Personal, por medio del presente documento y en la Ley Org\u00e1nica 3\/2018 de 5 de diciembre de Protecci\u00f3n de Datos y Garant\u00eda de los Derechos Digitales, AMANDA FLORES Y PLANTAS NATURALES informa:<\/p>\n<ol>\n<li><strong><u>RESPONSABLE DEL TRATAMIENTO<\/u><\/strong><\/li>\n<\/ol>\n<p>AMANDA FLORES Y PLANTAS NATURALES, con CIF y domicilio en C\/ Roger de Lauria, 8 bajo izquierda \/ 46002 es la Responsable del Tratamiento. Cuando usted solicita uno de nuestros productos, servicios o informaci\u00f3n, AMANDA FLORES Y PLANTAS NATURALES \u00fanicamente requiere la informaci\u00f3n esencial para poder proporcionar prestar respuesta a su solicitud.<\/p>\n<ol start=\"2\">\n<li><strong><u>FINALIDAD DEL TRATAMIENTO<\/u><\/strong><\/li>\n<\/ol>\n<p>Todos los datos proporcionados son revisados y examinados minuciosamente para evitar el uso fraudulento de datos personales.<\/p>\n<p>La finalidad del tratamiento es poder atender su consulta por parte de AMANDA FLORES Y PLANTAS NATURALES y poder responderle adecuadamente.<\/p>\n<ol start=\"3\">\n<li><strong><u>CESI\u00d3N DE DATOS A TERCEROS<\/u><\/strong><\/li>\n<\/ol>\n<p>No se realizan cesiones de datos a terceros ni se tiene previsto realizarlas en el futuro.<\/p>\n<ol start=\"4\">\n<li><strong><u>CONSERVACI\u00d3N DE LOS DATOS<\/u><\/strong><\/li>\n<\/ol>\n<p>Los datos ser\u00e1n conservados el tiempo suficiente para poder realizar las comunicaciones pertinentes y en caso de que pase a ser cliente de AMANDA FLORES Y PLANTAS NATURALES los datos se usaran para el establecimiento y mantenimiento de dicha relaci\u00f3n comercial. En caso contrario se eliminar\u00e1n transcurridos 2 a\u00f1os.<\/p>\n<ol start=\"5\">\n<li><strong><u>LEGITIMACI\u00d3N PARA EL TRATAMIENTO DE LOS DATOS<\/u><\/strong><\/li>\n<\/ol>\n<p>El tratamiento de sus datos en las condiciones anteriormente descritas tiene su base legal por el consentimiento otorgado en el formulario de contacto.<\/p>\n<ol start=\"6\">\n<li><strong><u>COOKIES<\/u><\/strong><\/li>\n<\/ol>\n<p>Toda la informaci\u00f3n relevante sobre el uso de cookies est\u00e1 recogida en nuestra\u00a0<a href=\"http:\/\/floramanda.com\/index.php\/politica-de-cookies\/\"><strong>Pol\u00edtica de Cookies<\/strong><\/a>.<\/p>\n<ol start=\"7\">\n<li><strong><u>TRANSPARENCIA<\/u><\/strong><\/li>\n<\/ol>\n<p>Todos los datos facilitados por usted, son utilizados para proporcionarle el mayor nivel de servicio, igualmente el objetivo de cualquier an\u00e1lisis de datos es la mejora de nuestros servicios, productos o informaci\u00f3n manteniendo nuestro compromiso de cumplimiento con la legislaci\u00f3n vigente sobre protecci\u00f3n de datos.<\/p>\n<table width=\"540\">\n<tbody>\n<tr>\n<td width=\"162\">Derecho de acceso<\/td>\n<td width=\"378\">Para conocer qu\u00e9 datos tuyos est\u00e1n siendo tratados, con qu\u00e9 finalidad se tratan, donde han conseguido los datos y si los van a comunicar o los han comunicado a alguien<\/td>\n<\/tr>\n<tr>\n<td width=\"162\">Derecho de rectificaci\u00f3n<\/td>\n<td width=\"378\">Para modificar aquellos datos tuyos inexactos o incompletos<\/td>\n<\/tr>\n<tr>\n<td width=\"162\">Derecho de cancelaci\u00f3n<\/td>\n<td width=\"378\">Para cancelar tus datos inadecuados o excesivos<\/td>\n<\/tr>\n<tr>\n<td width=\"162\">Derecho de oposici\u00f3n<\/td>\n<td width=\"378\">Para evitar que se traten tus datos o que dejen de tratarse aunque s\u00f3lo en los supuestos que establece la ley<\/td>\n<\/tr>\n<tr>\n<td width=\"162\">Derecho de limitaci\u00f3n del tratamiento<\/td>\n<td width=\"378\">Para solicitar que se suspenda el tratamiento de datos en los supuestos que establece la ley<\/td>\n<\/tr>\n<tr>\n<td width=\"162\">Derecho a la portabilidad de los datos<\/td>\n<td width=\"378\">Para poder recibir tus datos facilitados en un formato electr\u00f3nico estructurado y de uso habitual y poder transmitirlos a otro responsable<\/td>\n<\/tr>\n<\/tbody>\n<\/table>\n<p>Si desea ejercer cualquiera de estos derechos, por favor p\u00f3ngase en contacto con nosotros en:<\/p>\n<p>AMANDA FLORES Y PLANTAS NATURALES<br \/>\nC\/ Roger de Lauria, 8 bajo izquierda \/ 46002<\/p>\n<p><a href=\"mailto:comercial@floramanda.com\">comercial@floramanda.com<\/a><\/p>\n<p>AUTORIDAD DE CONTROL<\/p>\n<p>Si desea plantear una reclamaci\u00f3n en relaci\u00f3n al tratamiento de sus datos por parte de AMANDA FLORES Y PLANTAS NATURALES\u00a0 le informamos que puede ponerse en contacto con la Agencia Espa\u00f1ola de Protecci\u00f3n de datos, C\/ Jorge Juan, 6 28001-Madrid http:\/\/www.agpd.es<\/p>\n<ol start=\"9\">\n<li><strong><u>LEGISLACI\u00d3N APLICABLE Y TRIBUNALES COMPETENTES<\/u><\/strong><\/li>\n<\/ol>\n<p>Los t\u00e9rminos y condiciones que rigen este website, as\u00ed como las relaciones que pudieran derivarse est\u00e1n protegidas y quedan sujetas a la legislaci\u00f3n espa\u00f1ola. Para la resoluci\u00f3n de cualquier tipo de controversia, litigio o discrepancia que pudiera suscitarse entre el usuario y AMANDA FLORES Y PLANTAS NATURALES por el uso de este sitio web, se acuerda el sometimiento de las mismas a los Juzgados y Tribunales de Valencia Espa\u00f1a.<\/p>\n<\/div><\/section>\n","protected":false},"excerpt":{"rendered":"","protected":false},"author":1,"featured_media":0,"parent":0,"menu_order":0,"comment_status":"closed","ping_status":"closed","template":"","meta":{"footnotes":""},"class_list":["post-3","page","type-page","status-publish","hentry"],"yoast_head":"<!-- This site is optimized with the Yoast SEO plugin v20.12 - https:\/\/yoast.com\/wordpress\/plugins\/seo\/ -->\n<title>Pol\u00edtica de privacidad \u00b7 Flor Amanda \u00b7 Floristeria desde 1920<\/title>\n<meta name=\"description\" content=\"AMANDA FLORES Y PLANTAS NATURALES garantiza la protecci\u00f3n de los datos de car\u00e1cter personal de sus usuarios y, con el fin de proteger la intimidad y privacidad, ponemos de manifiesto nuestro respeto y cumplimiento con la legislaci\u00f3n.\" \/>\n<meta name=\"robots\" content=\"index, follow, max-snippet:-1, max-image-preview:large, max-video-preview:-1\" \/>\n<link rel=\"canonical\" href=\"http:\/\/floramanda.com\/index.php\/politica-privacidad\/\" \/>\n<meta property=\"og:locale\" content=\"es_ES\" \/>\n<meta property=\"og:type\" content=\"article\" \/>\n<meta property=\"og:title\" content=\"Pol\u00edtica de privacidad \u00b7 Flor Amanda \u00b7 Floristeria desde 1920\" \/>\n<meta property=\"og:description\" content=\"AMANDA FLORES Y PLANTAS NATURALES garantiza la protecci\u00f3n de los datos de car\u00e1cter personal de sus usuarios y, con el fin de proteger la intimidad y privacidad, ponemos de manifiesto nuestro respeto y cumplimiento con la legislaci\u00f3n.\" \/>\n<meta property=\"og:url\" content=\"http:\/\/floramanda.com\/index.php\/politica-privacidad\/\" \/>\n<meta property=\"og:site_name\" content=\"Florister\u00eda Amanda\" \/>\n<meta property=\"article:modified_time\" content=\"2022-02-24T10:19:35+00:00\" \/>\n<meta name=\"twitter:card\" content=\"summary_large_image\" \/>\n<meta name=\"twitter:label1\" content=\"Tiempo de lectura\" \/>\n\t<meta name=\"twitter:data1\" content=\"4 minutos\" \/>\n<script type=\"application\/ld+json\" class=\"yoast-schema-graph\">{\"@context\":\"https:\/\/schema.org\",\"@graph\":[{\"@type\":\"WebPage\",\"@id\":\"http:\/\/floramanda.com\/index.php\/politica-privacidad\/\",\"url\":\"http:\/\/floramanda.com\/index.php\/politica-privacidad\/\",\"name\":\"Pol\u00edtica de privacidad \u00b7 Flor Amanda \u00b7 Floristeria desde 1920\",\"isPartOf\":{\"@id\":\"http:\/\/floramanda.com\/#website\"},\"datePublished\":\"2022-02-10T10:35:21+00:00\",\"dateModified\":\"2022-02-24T10:19:35+00:00\",\"description\":\"AMANDA FLORES Y PLANTAS NATURALES garantiza la protecci\u00f3n de los datos de car\u00e1cter personal de sus usuarios y, con el fin de proteger la intimidad y privacidad, ponemos de manifiesto nuestro respeto y cumplimiento con la legislaci\u00f3n.\",\"breadcrumb\":{\"@id\":\"http:\/\/floramanda.com\/index.php\/politica-privacidad\/#breadcrumb\"},\"inLanguage\":\"es\",\"potentialAction\":[{\"@type\":\"ReadAction\",\"target\":[\"http:\/\/floramanda.com\/index.php\/politica-privacidad\/\"]}]},{\"@type\":\"BreadcrumbList\",\"@id\":\"http:\/\/floramanda.com\/index.php\/politica-privacidad\/#breadcrumb\",\"itemListElement\":[{\"@type\":\"ListItem\",\"position\":1,\"name\":\"Portada\",\"item\":\"http:\/\/floramanda.com\/\"},{\"@type\":\"ListItem\",\"position\":2,\"name\":\"Pol\u00edtica de privacidad\"}]},{\"@type\":\"WebSite\",\"@id\":\"http:\/\/floramanda.com\/#website\",\"url\":\"http:\/\/floramanda.com\/\",\"name\":\"Florister\u00eda Amanda\",\"description\":\"Flores y plantas naturales desde 1886\",\"potentialAction\":[{\"@type\":\"SearchAction\",\"target\":{\"@type\":\"EntryPoint\",\"urlTemplate\":\"http:\/\/floramanda.com\/?s={search_term_string}\"},\"query-input\":\"required name=search_term_string\"}],\"inLanguage\":\"es\"}]}<\/script>\n<!-- \/ Yoast SEO plugin. -->","yoast_head_json":{"title":"Pol\u00edtica de privacidad \u00b7 Flor Amanda \u00b7 Floristeria desde 1920","description":"AMANDA FLORES Y PLANTAS NATURALES garantiza la protecci\u00f3n de los datos de car\u00e1cter personal de sus usuarios y, con el fin de proteger la intimidad y privacidad, ponemos de manifiesto nuestro respeto y cumplimiento con la legislaci\u00f3n.","robots":{"index":"index","follow":"follow","max-snippet":"max-snippet:-1","max-image-preview":"max-image-preview:large","max-video-preview":"max-video-preview:-1"},"canonical":"http:\/\/floramanda.com\/index.php\/politica-privacidad\/","og_locale":"es_ES","og_type":"article","og_title":"Pol\u00edtica de privacidad \u00b7 Flor Amanda \u00b7 Floristeria desde 1920","og_description":"AMANDA FLORES Y PLANTAS NATURALES garantiza la protecci\u00f3n de los datos de car\u00e1cter personal de sus usuarios y, con el fin de proteger la intimidad y privacidad, ponemos de manifiesto nuestro respeto y cumplimiento con la legislaci\u00f3n.","og_url":"http:\/\/floramanda.com\/index.php\/politica-privacidad\/","og_site_name":"Florister\u00eda Amanda","article_modified_time":"2022-02-24T10:19:35+00:00","twitter_card":"summary_large_image","twitter_misc":{"Tiempo de lectura":"4 minutos"},"schema":{"@context":"https:\/\/schema.org","@graph":[{"@type":"WebPage","@id":"http:\/\/floramanda.com\/index.php\/politica-privacidad\/","url":"http:\/\/floramanda.com\/index.php\/politica-privacidad\/","name":"Pol\u00edtica de privacidad \u00b7 Flor Amanda \u00b7 Floristeria desde 1920","isPartOf":{"@id":"http:\/\/floramanda.com\/#website"},"datePublished":"2022-02-10T10:35:21+00:00","dateModified":"2022-02-24T10:19:35+00:00","description":"AMANDA FLORES Y PLANTAS NATURALES garantiza la protecci\u00f3n de los datos de car\u00e1cter personal de sus usuarios y, con el fin de proteger la intimidad y privacidad, ponemos de manifiesto nuestro respeto y cumplimiento con la legislaci\u00f3n.","breadcrumb":{"@id":"http:\/\/floramanda.com\/index.php\/politica-privacidad\/#breadcrumb"},"inLanguage":"es","potentialAction":[{"@type":"ReadAction","target":["http:\/\/floramanda.com\/index.php\/politica-privacidad\/"]}]},{"@type":"BreadcrumbList","@id":"http:\/\/floramanda.com\/index.php\/politica-privacidad\/#breadcrumb","itemListElement":[{"@type":"ListItem","position":1,"name":"Portada","item":"http:\/\/floramanda.com\/"},{"@type":"ListItem","position":2,"name":"Pol\u00edtica de privacidad"}]},{"@type":"WebSite","@id":"http:\/\/floramanda.com\/#website","url":"http:\/\/floramanda.com\/","name":"Florister\u00eda Amanda","description":"Flores y plantas naturales desde 1886","potentialAction":[{"@type":"SearchAction","target":{"@type":"EntryPoint","urlTemplate":"http:\/\/floramanda.com\/?s={search_term_string}"},"query-input":"required name=search_term_string"}],"inLanguage":"es"}]}},"_links":{"self":[{"href":"http:\/\/floramanda.com\/index.php\/wp-json\/wp\/v2\/pages\/3","targetHints":{"allow":["GET"]}}],"collection":[{"href":"http:\/\/floramanda.com\/index.php\/wp-json\/wp\/v2\/pages"}],"about":[{"href":"http:\/\/floramanda.com\/index.php\/wp-json\/wp\/v2\/types\/page"}],"author":[{"embeddable":true,"href":"http:\/\/floramanda.com\/index.php\/wp-json\/wp\/v2\/users\/1"}],"replies":[{"embeddable":true,"href":"http:\/\/floramanda.com\/index.php\/wp-json\/wp\/v2\/comments?post=3"}],"version-history":[{"count":2,"href":"http:\/\/floramanda.com\/index.php\/wp-json\/wp\/v2\/pages\/3\/revisions"}],"predecessor-version":[{"id":407,"href":"http:\/\/floramanda.com\/index.php\/wp-json\/wp\/v2\/pages\/3\/revisions\/407"}],"wp:attachment":[{"href":"http:\/\/floramanda.com\/index.php\/wp-json\/wp\/v2\/media?parent=3"}],"curies":[{"name":"wp","href":"https:\/\/api.w.org\/{rel}","templated":true}]}}